{"id":11023,"date":"2021-03-01T17:25:04","date_gmt":"2021-03-01T14:25:04","guid":{"rendered":"http:\/\/geobyte-networks.com\/politiki-poiotitas\/"},"modified":"2025-03-11T01:59:59","modified_gmt":"2025-03-10T22:59:59","slug":"politiki-poiotitas","status":"publish","type":"page","link":"https:\/\/geobyte-networks.com\/de\/politiki-poiotitas\/","title":{"rendered":"Qualit\u00e4tsrichtlinie"},"content":{"rendered":"\t\t<div data-elementor-type=\"wp-page\" data-elementor-id=\"11023\" class=\"elementor elementor-11023 elementor-10787\">\n\t\t\t\t\t\t<section class=\"elementor-section elementor-top-section elementor-element elementor-element-91bb67b elementor-section-boxed elementor-section-height-default elementor-section-height-default\" data-id=\"91bb67b\" data-element_type=\"section\">\n\t\t\t\t\t\t<div class=\"elementor-container elementor-column-gap-default\">\n\t\t\t\t\t<div class=\"elementor-column elementor-col-100 elementor-top-column elementor-element elementor-element-260e5d4\" data-id=\"260e5d4\" data-element_type=\"column\">\n\t\t\t<div class=\"elementor-widget-wrap elementor-element-populated\">\n\t\t\t\t\t\t<div class=\"elementor-element elementor-element-0da3ac1 elementor-widget elementor-widget-satenetsectiontitle\" data-id=\"0da3ac1\" data-element_type=\"widget\" data-widget_type=\"satenetsectiontitle.default\">\n\t\t\t\t<div class=\"elementor-widget-container\">\n\t\t\t\t\t<div class=\"section-title-wrapper margin-bottom-0\"><div class=\"title-wrap\"><span class=\"sub-title\">Gemeinsames Aufbauen der Zukunft<\/span><h2 class=\"section-title\"><\/h2><\/div><!-- .title-wrap --><div class=\"section-description\"><p>Das Unternehmen Geobyte Networks ist auf dem Gebiet der Installation von Glasfaser- und Erdgasprojekten in ganz Europa t\u00e4tig, sowohl f\u00fcr private Haushalte (FTTH) als auch f\u00fcr Unternehmen (FTTB). Die an unserem Team beteiligten Mitarbeiter \u00fcbernehmen die Projektausf\u00fchrung in allen Stadien des Verfahrens: angefangen von der Konstruktion, der technischen Installation und der Vorbereitung der Arbeiten, bis hin zum Aufbau des Netzwerks und den Wartungsarbeiten.<\/p>\n<p>Kernanliegen der Politik unseres Unternehmens ist die optimale Zufriedenheit unserer Kunden, durch die kontinuierliche Verbesserung unserer unternehmerischen Leistungsf\u00e4higkeit. Die Nutzung modernster Ausr\u00fcstung verbunden mit der Erfahrung unseres technischen Personals, aber auch unserer verl\u00e4sslichen Mitarbeiter erm\u00f6glichen es unserem Unternehmen mit absoluter Kompetenz den Anforderungen der Kunden vollstens gerecht werden zu k\u00f6nnen.<\/p>\n\n<\/div><!-- .section-description --><\/div><!-- .section-title-wrapper -->\t\t\t\t<\/div>\n\t\t\t\t<\/div>\n\t\t\t\t<div class=\"elementor-element elementor-element-197cc17 elementor-widget elementor-widget-text-editor\" data-id=\"197cc17\" data-element_type=\"widget\" data-widget_type=\"text-editor.default\">\n\t\t\t\t<div class=\"elementor-widget-container\">\n\t\t\t\t\t\t\t\t\t<p>Schwerpunkte bei der Umsetzung unserer Politik sind folgende:<\/p>\t\t\t\t\t\t\t\t<\/div>\n\t\t\t\t<\/div>\n\t\t\t\t<div class=\"elementor-element elementor-element-4b4e4d0 elementor-icon-list--layout-traditional elementor-list-item-link-full_width elementor-widget elementor-widget-icon-list\" data-id=\"4b4e4d0\" data-element_type=\"widget\" data-widget_type=\"icon-list.default\">\n\t\t\t\t<div class=\"elementor-widget-container\">\n\t\t\t\t\t\t\t<ul class=\"elementor-icon-list-items\">\n\t\t\t\t\t\t\t<li class=\"elementor-icon-list-item\">\n\t\t\t\t\t\t\t\t\t\t\t<span class=\"elementor-icon-list-icon\">\n\t\t\t\t\t\t\t<i aria-hidden=\"true\" class=\"fas fa-caret-right\"><\/i>\t\t\t\t\t\t<\/span>\n\t\t\t\t\t\t\t\t\t\t<span class=\"elementor-icon-list-text\">die Selbstverpflichtung der Unternehmensleitung zur Bereitstellung aller erforderlichen Ressourcen und Mittel zur Sicherstellung des ungehinderten, effizienten und effektiven Betriebs des Unternehmens.<\/span>\n\t\t\t\t\t\t\t\t\t<\/li>\n\t\t\t\t\t\t\t\t<li class=\"elementor-icon-list-item\">\n\t\t\t\t\t\t\t\t\t\t\t<span class=\"elementor-icon-list-icon\">\n\t\t\t\t\t\t\t<i aria-hidden=\"true\" class=\"fas fa-caret-right\"><\/i>\t\t\t\t\t\t<\/span>\n\t\t\t\t\t\t\t\t\t\t<span class=\"elementor-icon-list-text\">die Einhaltung der geltenden griechischen und europ\u00e4ischen Gesetzgebung und der internationalen Standards, hinsichtlich des Betriebs des Unternehmens.<\/span>\n\t\t\t\t\t\t\t\t\t<\/li>\n\t\t\t\t\t\t\t\t<li class=\"elementor-icon-list-item\">\n\t\t\t\t\t\t\t\t\t\t\t<span class=\"elementor-icon-list-icon\">\n\t\t\t\t\t\t\t<i aria-hidden=\"true\" class=\"fas fa-caret-right\"><\/i>\t\t\t\t\t\t<\/span>\n\t\t\t\t\t\t\t\t\t\t<span class=\"elementor-icon-list-text\">die Festlegung von Qualit\u00e4tszielen und die systematische Beobachtung und \u00dcberpr\u00fcfung der Umsetzung dieser.<\/span>\n\t\t\t\t\t\t\t\t\t<\/li>\n\t\t\t\t\t\t\t\t<li class=\"elementor-icon-list-item\">\n\t\t\t\t\t\t\t\t\t\t\t<span class=\"elementor-icon-list-icon\">\n\t\t\t\t\t\t\t<i aria-hidden=\"true\" class=\"fas fa-caret-right\"><\/i>\t\t\t\t\t\t<\/span>\n\t\t\t\t\t\t\t\t\t\t<span class=\"elementor-icon-list-text\">die Erteilung zeitnaher und zuverl\u00e4ssiger Informationen, die Projekte und die Zeitpl\u00e4ne betreffend,<\/span>\n\t\t\t\t\t\t\t\t\t<\/li>\n\t\t\t\t\t\t\t\t<li class=\"elementor-icon-list-item\">\n\t\t\t\t\t\t\t\t\t\t\t<span class=\"elementor-icon-list-icon\">\n\t\t\t\t\t\t\t<i aria-hidden=\"true\" class=\"fas fa-caret-right\"><\/i>\t\t\t\t\t\t<\/span>\n\t\t\t\t\t\t\t\t\t\t<span class=\"elementor-icon-list-text\">die Kommunikation mit allen Beteiligten, sowie die diesbez\u00fcgliche Bereitstellung von Informationen, mit Transparenz.<\/span>\n\t\t\t\t\t\t\t\t\t<\/li>\n\t\t\t\t\t\t\t\t<li class=\"elementor-icon-list-item\">\n\t\t\t\t\t\t\t\t\t\t\t<span class=\"elementor-icon-list-icon\">\n\t\t\t\t\t\t\t<i aria-hidden=\"true\" class=\"fas fa-caret-right\"><\/i>\t\t\t\t\t\t<\/span>\n\t\t\t\t\t\t\t\t\t\t<span class=\"elementor-icon-list-text\">die \u00dcberwachung unserer Mitarbeiter hinsichtlich der Umsetzung der Unternehmensprinzipien und deren T\u00e4tigkeit, gem\u00e4\u00df den von uns gestellten Anforderungen.<\/span>\n\t\t\t\t\t\t\t\t\t<\/li>\n\t\t\t\t\t\t\t\t<li class=\"elementor-icon-list-item\">\n\t\t\t\t\t\t\t\t\t\t\t<span class=\"elementor-icon-list-icon\">\n\t\t\t\t\t\t\t<i aria-hidden=\"true\" class=\"fas fa-caret-right\"><\/i>\t\t\t\t\t\t<\/span>\n\t\t\t\t\t\t\t\t\t\t<span class=\"elementor-icon-list-text\">die st\u00e4ndige Weiterbildung und Sensibilisierung unserer F\u00fchrungskr\u00e4fte, unseres Personals und unserer Mitarbeiter, zur F\u00f6rderung der aktiven Teilnahme dieser an den von uns unternommenen Bem\u00fchungen zur st\u00e4ndigen Verbesserung der angebotenen Dienstleistungen, sowie der Arbeitsumgebung und<\/span>\n\t\t\t\t\t\t\t\t\t<\/li>\n\t\t\t\t\t\t\t\t<li class=\"elementor-icon-list-item\">\n\t\t\t\t\t\t\t\t\t\t\t<span class=\"elementor-icon-list-icon\">\n\t\t\t\t\t\t\t<i aria-hidden=\"true\" class=\"fas fa-caret-right\"><\/i>\t\t\t\t\t\t<\/span>\n\t\t\t\t\t\t\t\t\t\t<span class=\"elementor-icon-list-text\">die Ergreifung organisatorischer und vorsorglicher Ma\u00dfnahmen zur Vermeidung von eventuellen Risiken, welche die Qualit\u00e4t der von uns gebotenen Dienstleistungen beeinflussen k\u00f6nnten.<\/span>\n\t\t\t\t\t\t\t\t\t<\/li>\n\t\t\t\t\t\t<\/ul>\n\t\t\t\t\t\t<\/div>\n\t\t\t\t<\/div>\n\t\t\t\t<div class=\"elementor-element elementor-element-5044403 elementor-widget elementor-widget-text-editor\" data-id=\"5044403\" data-element_type=\"widget\" data-widget_type=\"text-editor.default\">\n\t\t\t\t<div class=\"elementor-widget-container\">\n\t\t\t\t\t\t\t\t\t<p>Die Leitung, die F\u00fchrungskr\u00e4fte und das Personal des Unternehmens haben Kenntnis von der eingef\u00fchrten und angewandten Qualit\u00e4tspolitik und bef\u00fcrworten diese.<\/p><p>Die Leitung von <strong>Geobyte Networks<\/strong> verpflichtet sich zu Folgendem:<\/p>\t\t\t\t\t\t\t\t<\/div>\n\t\t\t\t<\/div>\n\t\t\t\t<div class=\"elementor-element elementor-element-4207814 elementor-icon-list--layout-traditional elementor-list-item-link-full_width elementor-widget elementor-widget-icon-list\" data-id=\"4207814\" data-element_type=\"widget\" data-widget_type=\"icon-list.default\">\n\t\t\t\t<div class=\"elementor-widget-container\">\n\t\t\t\t\t\t\t<ul class=\"elementor-icon-list-items\">\n\t\t\t\t\t\t\t<li class=\"elementor-icon-list-item\">\n\t\t\t\t\t\t\t\t\t\t\t<span class=\"elementor-icon-list-icon\">\n\t\t\t\t\t\t\t<i aria-hidden=\"true\" class=\"fas fa-caret-right\"><\/i>\t\t\t\t\t\t<\/span>\n\t\t\t\t\t\t\t\t\t\t<span class=\"elementor-icon-list-text\">Die von ihr befolgte Qualit\u00e4tspolitik ist die f\u00fcr den Unternehmenszweck und die angebotenen Dienstleistungen geeignet und wird im Rahmen der Anwendung des Managementsystems befolgt, das hinsichtlich der Qualit\u00e4t der gebotenen Dienstleistungen zur Anwendung kommt.<\/span>\n\t\t\t\t\t\t\t\t\t<\/li>\n\t\t\t\t\t\t\t\t<li class=\"elementor-icon-list-item\">\n\t\t\t\t\t\t\t\t\t\t\t<span class=\"elementor-icon-list-icon\">\n\t\t\t\t\t\t\t<i aria-hidden=\"true\" class=\"fas fa-caret-right\"><\/i>\t\t\t\t\t\t<\/span>\n\t\t\t\t\t\t\t\t\t\t<span class=\"elementor-icon-list-text\">Gew\u00e4hrleistung eines Rahmens f\u00fcr die Festlegung der Qualit\u00e4tszwecke und -ziele.<\/span>\n\t\t\t\t\t\t\t\t\t<\/li>\n\t\t\t\t\t\t\t\t<li class=\"elementor-icon-list-item\">\n\t\t\t\t\t\t\t\t\t\t\t<span class=\"elementor-icon-list-icon\">\n\t\t\t\t\t\t\t<i aria-hidden=\"true\" class=\"fas fa-caret-right\"><\/i>\t\t\t\t\t\t<\/span>\n\t\t\t\t\t\t\t\t\t\t<span class=\"elementor-icon-list-text\">Beachtung und Einhaltung der Rechtsvorschriften und Regulierungsbestimmungen.<\/span>\n\t\t\t\t\t\t\t\t\t<\/li>\n\t\t\t\t\t\t\t\t<li class=\"elementor-icon-list-item\">\n\t\t\t\t\t\t\t\t\t\t\t<span class=\"elementor-icon-list-icon\">\n\t\t\t\t\t\t\t<i aria-hidden=\"true\" class=\"fas fa-caret-right\"><\/i>\t\t\t\t\t\t<\/span>\n\t\t\t\t\t\t\t\t\t\t<span class=\"elementor-icon-list-text\">Festlegung messbarer, die Qualit\u00e4t betreffender Ziele und die Erreichung dieser.<\/span>\n\t\t\t\t\t\t\t\t\t<\/li>\n\t\t\t\t\t\t\t\t<li class=\"elementor-icon-list-item\">\n\t\t\t\t\t\t\t\t\t\t\t<span class=\"elementor-icon-list-icon\">\n\t\t\t\t\t\t\t<i aria-hidden=\"true\" class=\"fas fa-caret-right\"><\/i>\t\t\t\t\t\t<\/span>\n\t\t\t\t\t\t\t\t\t\t<span class=\"elementor-icon-list-text\">Sensibilisierung des Personals in dieser Richtung.<\/span>\n\t\t\t\t\t\t\t\t\t<\/li>\n\t\t\t\t\t\t\t\t<li class=\"elementor-icon-list-item\">\n\t\t\t\t\t\t\t\t\t\t\t<span class=\"elementor-icon-list-icon\">\n\t\t\t\t\t\t\t<i aria-hidden=\"true\" class=\"fas fa-caret-right\"><\/i>\t\t\t\t\t\t<\/span>\n\t\t\t\t\t\t\t\t\t\t<span class=\"elementor-icon-list-text\">Kontinuierliche Bem\u00fchungen zur Verbesserung und Anhebung des Qualit\u00e4tsniveaus, durch das Managementsystem, das die Gemeinschaft in Harmonisierung mit der ISO-Norm 9001 anwendet. <\/span>\n\t\t\t\t\t\t\t\t\t<\/li>\n\t\t\t\t\t\t\t\t<li class=\"elementor-icon-list-item\">\n\t\t\t\t\t\t\t\t\t\t\t<span class=\"elementor-icon-list-icon\">\n\t\t\t\t\t\t\t<i aria-hidden=\"true\" class=\"fas fa-caret-right\"><\/i>\t\t\t\t\t\t<\/span>\n\t\t\t\t\t\t\t\t\t\t<span class=\"elementor-icon-list-text\">Verf\u00fcgbarkeit und Bekanntmachung dieser Qualit\u00e4tspolitik gegen\u00fcber den Beteiligten.<\/span>\n\t\t\t\t\t\t\t\t\t<\/li>\n\t\t\t\t\t\t\t\t<li class=\"elementor-icon-list-item\">\n\t\t\t\t\t\t\t\t\t\t\t<span class=\"elementor-icon-list-icon\">\n\t\t\t\t\t\t\t<i aria-hidden=\"true\" class=\"fas fa-caret-right\"><\/i>\t\t\t\t\t\t<\/span>\n\t\t\t\t\t\t\t\t\t\t<span class=\"elementor-icon-list-text\">Anwendung, Einhaltung, \u00dcberpr\u00fcfung und kontinuierliche Verbesserung der Qualit\u00e4tspolitik und des Managementsystems.<\/span>\n\t\t\t\t\t\t\t\t\t<\/li>\n\t\t\t\t\t\t<\/ul>\n\t\t\t\t\t\t<\/div>\n\t\t\t\t<\/div>\n\t\t\t\t<div class=\"elementor-element elementor-element-b991208 elementor-widget elementor-widget-text-editor\" data-id=\"b991208\" data-element_type=\"widget\" data-widget_type=\"text-editor.default\">\n\t\t\t\t<div class=\"elementor-widget-container\">\n\t\t\t\t\t\t\t\t\tDie vorliegende Qualit\u00e4tspolitik wird, falls \u00c4nderung des Umfangs bzw. der Art unserer T\u00e4tigkeiten erfolgen sollten, oder nach dem Auftreten au\u00dferordentlicher Ereignisse, entsprechend aktualisiert und \u00fcberarbeitet und au\u00dferdem bei jeder \u00dcberpr\u00fcfung des Managementsystems optimiert.\n\n<p style=\"text-align: right;\"><strong>Thessaloniki, November 2020<\/strong><\/br>\n<strong>F\u00fcr die Unternehmensleitung<\/strong>\n<strong><\/p>\t\t\t\t\t\t\t\t<\/div>\n\t\t\t\t<\/div>\n\t\t\t\t\t<\/div>\n\t\t<\/div>\n\t\t\t\t\t<\/div>\n\t\t<\/section>\n\t\t\t\t<\/div>\n\t\t","protected":false},"excerpt":{"rendered":"<p>Gemeinsames Aufbauen der Zukunft Das Unternehmen Geobyte Networks ist auf dem Gebiet der Installation von Glasfaser- und Erdgasprojekten in ganz Europa t\u00e4tig, sowohl f\u00fcr private Haushalte (FTTH) als auch f\u00fcr Unternehmen (FTTB). Die an unserem Team beteiligten Mitarbeiter \u00fcbernehmen die Projektausf\u00fchrung in allen Stadien des Verfahrens: angefangen von der Konstruktion, der technischen Installation und der<\/p>\n","protected":false},"author":1,"featured_media":0,"parent":0,"menu_order":0,"comment_status":"closed","ping_status":"closed","template":"","meta":{"footnotes":""},"class_list":["post-11023","page","type-page","status-publish","hentry"],"yoast_head":"<!-- This site is optimized with the Yoast SEO plugin v25.8 - https:\/\/yoast.com\/wordpress\/plugins\/seo\/ -->\n<title>Qualit\u00e4tsrichtlinie - GeoByte Networks - \u039f\u03c0\u03c4\u03b9\u03ba\u03ad\u03c2 \u038a\u03bd\u03b5\u03c2 - \u03a6\u03c5\u03c3\u03b9\u03ba\u03cc \u03b1\u03ad\u03c1\u03b9\u03bf<\/title>\n<meta name=\"robots\" content=\"index, follow, max-snippet:-1, max-image-preview:large, max-video-preview:-1\" \/>\n<link rel=\"canonical\" href=\"https:\/\/geobyte-networks.com\/de\/politiki-poiotitas\/\" \/>\n<meta property=\"og:locale\" content=\"de_DE\" \/>\n<meta property=\"og:type\" content=\"article\" \/>\n<meta property=\"og:title\" content=\"Qualit\u00e4tsrichtlinie - GeoByte Networks - \u039f\u03c0\u03c4\u03b9\u03ba\u03ad\u03c2 \u038a\u03bd\u03b5\u03c2 - \u03a6\u03c5\u03c3\u03b9\u03ba\u03cc \u03b1\u03ad\u03c1\u03b9\u03bf\" \/>\n<meta property=\"og:description\" content=\"Gemeinsames Aufbauen der Zukunft Das Unternehmen Geobyte Networks ist auf dem Gebiet der Installation von Glasfaser- und Erdgasprojekten in ganz Europa t\u00e4tig, sowohl f\u00fcr private Haushalte (FTTH) als auch f\u00fcr Unternehmen (FTTB). Die an unserem Team beteiligten Mitarbeiter \u00fcbernehmen die Projektausf\u00fchrung in allen Stadien des Verfahrens: angefangen von der Konstruktion, der technischen Installation und der\" \/>\n<meta property=\"og:url\" content=\"https:\/\/geobyte-networks.com\/de\/politiki-poiotitas\/\" \/>\n<meta property=\"og:site_name\" content=\"GeoByte Networks - \u039f\u03c0\u03c4\u03b9\u03ba\u03ad\u03c2 \u038a\u03bd\u03b5\u03c2 - \u03a6\u03c5\u03c3\u03b9\u03ba\u03cc \u03b1\u03ad\u03c1\u03b9\u03bf\" \/>\n<meta property=\"article:publisher\" content=\"https:\/\/www.facebook.com\/geobytenetworks\" \/>\n<meta property=\"article:modified_time\" content=\"2025-03-10T22:59:59+00:00\" \/>\n<meta name=\"twitter:card\" content=\"summary_large_image\" \/>\n<meta name=\"twitter:label1\" content=\"Gesch\u00e4tzte Lesezeit\" \/>\n\t<meta name=\"twitter:data1\" content=\"3\u00a0Minuten\" \/>\n<script type=\"application\/ld+json\" class=\"yoast-schema-graph\">{\"@context\":\"https:\/\/schema.org\",\"@graph\":[{\"@type\":\"WebPage\",\"@id\":\"https:\/\/geobyte-networks.com\/de\/politiki-poiotitas\/\",\"url\":\"https:\/\/geobyte-networks.com\/de\/politiki-poiotitas\/\",\"name\":\"Qualit\u00e4tsrichtlinie - GeoByte Networks - \u039f\u03c0\u03c4\u03b9\u03ba\u03ad\u03c2 \u038a\u03bd\u03b5\u03c2 - \u03a6\u03c5\u03c3\u03b9\u03ba\u03cc \u03b1\u03ad\u03c1\u03b9\u03bf\",\"isPartOf\":{\"@id\":\"https:\/\/geobyte-networks.com\/en\/#website\"},\"datePublished\":\"2021-03-01T14:25:04+00:00\",\"dateModified\":\"2025-03-10T22:59:59+00:00\",\"breadcrumb\":{\"@id\":\"https:\/\/geobyte-networks.com\/de\/politiki-poiotitas\/#breadcrumb\"},\"inLanguage\":\"de\",\"potentialAction\":[{\"@type\":\"ReadAction\",\"target\":[\"https:\/\/geobyte-networks.com\/de\/politiki-poiotitas\/\"]}]},{\"@type\":\"BreadcrumbList\",\"@id\":\"https:\/\/geobyte-networks.com\/de\/politiki-poiotitas\/#breadcrumb\",\"itemListElement\":[{\"@type\":\"ListItem\",\"position\":1,\"name\":\"\u0391\u03c1\u03c7\u03b9\u03ba\u03ae\",\"item\":\"https:\/\/geobyte-networks.com\/de\/\"},{\"@type\":\"ListItem\",\"position\":2,\"name\":\"Qualit\u00e4tsrichtlinie\"}]},{\"@type\":\"WebSite\",\"@id\":\"https:\/\/geobyte-networks.com\/en\/#website\",\"url\":\"https:\/\/geobyte-networks.com\/en\/\",\"name\":\"GeoByte Networks - \u039f\u03c0\u03c4\u03b9\u03ba\u03ad\u03c2 \u038a\u03bd\u03b5\u03c2 - \u03a6\u03c5\u03c3\u03b9\u03ba\u03cc \u03b1\u03ad\u03c1\u03b9\u03bf\",\"description\":\"\",\"potentialAction\":[{\"@type\":\"SearchAction\",\"target\":{\"@type\":\"EntryPoint\",\"urlTemplate\":\"https:\/\/geobyte-networks.com\/en\/?s={search_term_string}\"},\"query-input\":{\"@type\":\"PropertyValueSpecification\",\"valueRequired\":true,\"valueName\":\"search_term_string\"}}],\"inLanguage\":\"de\"}]}<\/script>\n<!-- \/ Yoast SEO plugin. -->","yoast_head_json":{"title":"Qualit\u00e4tsrichtlinie - GeoByte Networks - \u039f\u03c0\u03c4\u03b9\u03ba\u03ad\u03c2 \u038a\u03bd\u03b5\u03c2 - \u03a6\u03c5\u03c3\u03b9\u03ba\u03cc \u03b1\u03ad\u03c1\u03b9\u03bf","robots":{"index":"index","follow":"follow","max-snippet":"max-snippet:-1","max-image-preview":"max-image-preview:large","max-video-preview":"max-video-preview:-1"},"canonical":"https:\/\/geobyte-networks.com\/de\/politiki-poiotitas\/","og_locale":"de_DE","og_type":"article","og_title":"Qualit\u00e4tsrichtlinie - GeoByte Networks - \u039f\u03c0\u03c4\u03b9\u03ba\u03ad\u03c2 \u038a\u03bd\u03b5\u03c2 - \u03a6\u03c5\u03c3\u03b9\u03ba\u03cc \u03b1\u03ad\u03c1\u03b9\u03bf","og_description":"Gemeinsames Aufbauen der Zukunft Das Unternehmen Geobyte Networks ist auf dem Gebiet der Installation von Glasfaser- und Erdgasprojekten in ganz Europa t\u00e4tig, sowohl f\u00fcr private Haushalte (FTTH) als auch f\u00fcr Unternehmen (FTTB). Die an unserem Team beteiligten Mitarbeiter \u00fcbernehmen die Projektausf\u00fchrung in allen Stadien des Verfahrens: angefangen von der Konstruktion, der technischen Installation und der","og_url":"https:\/\/geobyte-networks.com\/de\/politiki-poiotitas\/","og_site_name":"GeoByte Networks - \u039f\u03c0\u03c4\u03b9\u03ba\u03ad\u03c2 \u038a\u03bd\u03b5\u03c2 - \u03a6\u03c5\u03c3\u03b9\u03ba\u03cc \u03b1\u03ad\u03c1\u03b9\u03bf","article_publisher":"https:\/\/www.facebook.com\/geobytenetworks","article_modified_time":"2025-03-10T22:59:59+00:00","twitter_card":"summary_large_image","twitter_misc":{"Gesch\u00e4tzte Lesezeit":"3\u00a0Minuten"},"schema":{"@context":"https:\/\/schema.org","@graph":[{"@type":"WebPage","@id":"https:\/\/geobyte-networks.com\/de\/politiki-poiotitas\/","url":"https:\/\/geobyte-networks.com\/de\/politiki-poiotitas\/","name":"Qualit\u00e4tsrichtlinie - GeoByte Networks - \u039f\u03c0\u03c4\u03b9\u03ba\u03ad\u03c2 \u038a\u03bd\u03b5\u03c2 - \u03a6\u03c5\u03c3\u03b9\u03ba\u03cc \u03b1\u03ad\u03c1\u03b9\u03bf","isPartOf":{"@id":"https:\/\/geobyte-networks.com\/en\/#website"},"datePublished":"2021-03-01T14:25:04+00:00","dateModified":"2025-03-10T22:59:59+00:00","breadcrumb":{"@id":"https:\/\/geobyte-networks.com\/de\/politiki-poiotitas\/#breadcrumb"},"inLanguage":"de","potentialAction":[{"@type":"ReadAction","target":["https:\/\/geobyte-networks.com\/de\/politiki-poiotitas\/"]}]},{"@type":"BreadcrumbList","@id":"https:\/\/geobyte-networks.com\/de\/politiki-poiotitas\/#breadcrumb","itemListElement":[{"@type":"ListItem","position":1,"name":"\u0391\u03c1\u03c7\u03b9\u03ba\u03ae","item":"https:\/\/geobyte-networks.com\/de\/"},{"@type":"ListItem","position":2,"name":"Qualit\u00e4tsrichtlinie"}]},{"@type":"WebSite","@id":"https:\/\/geobyte-networks.com\/en\/#website","url":"https:\/\/geobyte-networks.com\/en\/","name":"GeoByte Networks - \u039f\u03c0\u03c4\u03b9\u03ba\u03ad\u03c2 \u038a\u03bd\u03b5\u03c2 - \u03a6\u03c5\u03c3\u03b9\u03ba\u03cc \u03b1\u03ad\u03c1\u03b9\u03bf","description":"","potentialAction":[{"@type":"SearchAction","target":{"@type":"EntryPoint","urlTemplate":"https:\/\/geobyte-networks.com\/en\/?s={search_term_string}"},"query-input":{"@type":"PropertyValueSpecification","valueRequired":true,"valueName":"search_term_string"}}],"inLanguage":"de"}]}},"_links":{"self":[{"href":"https:\/\/geobyte-networks.com\/de\/wp-json\/wp\/v2\/pages\/11023","targetHints":{"allow":["GET"]}}],"collection":[{"href":"https:\/\/geobyte-networks.com\/de\/wp-json\/wp\/v2\/pages"}],"about":[{"href":"https:\/\/geobyte-networks.com\/de\/wp-json\/wp\/v2\/types\/page"}],"author":[{"embeddable":true,"href":"https:\/\/geobyte-networks.com\/de\/wp-json\/wp\/v2\/users\/1"}],"replies":[{"embeddable":true,"href":"https:\/\/geobyte-networks.com\/de\/wp-json\/wp\/v2\/comments?post=11023"}],"version-history":[{"count":3,"href":"https:\/\/geobyte-networks.com\/de\/wp-json\/wp\/v2\/pages\/11023\/revisions"}],"predecessor-version":[{"id":12291,"href":"https:\/\/geobyte-networks.com\/de\/wp-json\/wp\/v2\/pages\/11023\/revisions\/12291"}],"wp:attachment":[{"href":"https:\/\/geobyte-networks.com\/de\/wp-json\/wp\/v2\/media?parent=11023"}],"curies":[{"name":"wp","href":"https:\/\/api.w.org\/{rel}","templated":true}]}}