{"id":10890,"date":"2021-01-28T14:27:45","date_gmt":"2021-01-28T11:27:45","guid":{"rendered":"http:\/\/geobyte-networks.com\/fysiko-aerio\/"},"modified":"2025-03-11T02:07:41","modified_gmt":"2025-03-10T23:07:41","slug":"erdgas","status":"publish","type":"page","link":"https:\/\/geobyte-networks.com\/de\/erdgas\/","title":{"rendered":"Erdgas"},"content":{"rendered":"\t\t<div data-elementor-type=\"wp-page\" data-elementor-id=\"10890\" class=\"elementor elementor-10890 elementor-9353\">\n\t\t\t\t\t\t<section class=\"elementor-section elementor-top-section elementor-element elementor-element-5b885d0 elementor-section-boxed elementor-section-height-default elementor-section-height-default\" data-id=\"5b885d0\" data-element_type=\"section\">\n\t\t\t\t\t\t<div class=\"elementor-container elementor-column-gap-default\">\n\t\t\t\t\t<div class=\"elementor-column elementor-col-100 elementor-top-column elementor-element elementor-element-c57c622\" data-id=\"c57c622\" data-element_type=\"column\">\n\t\t\t<div class=\"elementor-widget-wrap elementor-element-populated\">\n\t\t\t\t\t\t<section class=\"elementor-section elementor-inner-section elementor-element elementor-element-cace94a elementor-section-content-middle elementor-section-boxed elementor-section-height-default elementor-section-height-default\" data-id=\"cace94a\" data-element_type=\"section\">\n\t\t\t\t\t\t<div class=\"elementor-container elementor-column-gap-default\">\n\t\t\t\t\t<div class=\"elementor-column elementor-col-50 elementor-inner-column elementor-element elementor-element-67ae4ed narrow-row \" data-id=\"67ae4ed\" data-element_type=\"column\">\n\t\t\t<div class=\"elementor-widget-wrap elementor-element-populated\">\n\t\t\t\t\t\t<div class=\"elementor-element elementor-element-ac81aa0 elementor-widget elementor-widget-satenetsectiontitle\" data-id=\"ac81aa0\" data-element_type=\"widget\" data-widget_type=\"satenetsectiontitle.default\">\n\t\t\t\t<div class=\"elementor-widget-container\">\n\t\t\t\t\t<div class=\"section-title-wrapper\"><div class=\"title-wrap\"><h2 class=\"section-title\">Erdgas<\/h2><span class=\"sub-title\">Von Natur aus \u00fcberlegen<\/span><\/div><!-- .title-wrap --><div class=\"section-description\"><p>Es ist allgemein bekannt, dass die Nutzung von Erdgas in allen Verbrauchsbereichen, sowohl in Haushalten als auch im Gewerbe und der Industrie, mit vielen Vorteilen einhergeht. <\/p> \n<p>Die extensive Nutzung von Erdgas, das auf lange Sicht eine der besten Investitionen auf dem Energiesektor ausmacht, ist eine \u00e4u\u00dferst vorteilhafte Alternative, die Geld spart, den \u00f6kologischen Fu\u00dfabdruck verringert, die Umwelt sch\u00fctzt und letztendlich die Lebensqualit\u00e4t der B\u00fcrger verbessert.<\/p> \n<p>Geobyte Networks ist auf dem Gebiet des Baus von Infrastrukturnetzen f\u00fcr Erdgas t\u00e4tig, hinsichtlich von Installationen aller Art, im Gewerbe, in der Industrie oder in Haushalten, sowohl in Griechenland als auch im Ausland. <\/p> \n\n\n<\/div><!-- .section-description --><\/div><!-- .section-title-wrapper -->\t\t\t\t<\/div>\n\t\t\t\t<\/div>\n\t\t\t\t\t<\/div>\n\t\t<\/div>\n\t\t\t\t<div class=\"elementor-column elementor-col-50 elementor-inner-column elementor-element elementor-element-894bb68\" data-id=\"894bb68\" data-element_type=\"column\" data-settings=\"{&quot;background_background&quot;:&quot;classic&quot;}\">\n\t\t\t<div class=\"elementor-widget-wrap elementor-element-populated\">\n\t\t\t\t\t\t<div class=\"elementor-element elementor-element-86e8ef1 elementor-widget elementor-widget-image\" data-id=\"86e8ef1\" data-element_type=\"widget\" data-widget_type=\"image.default\">\n\t\t\t\t<div class=\"elementor-widget-container\">\n\t\t\t\t\t\t\t\t\t\t\t\t\t\t\t<img fetchpriority=\"high\" decoding=\"async\" width=\"800\" height=\"800\" src=\"http:\/\/geobyte-networks.com\/wp-content\/uploads\/2021\/02\/aerio-geobyte-1.jpg\" class=\"attachment-full size-full wp-image-11431\" alt=\"\" srcset=\"http:\/\/geobyte-networks.com\/wp-content\/uploads\/2021\/02\/aerio-geobyte-1.jpg 800w, http:\/\/geobyte-networks.com\/wp-content\/uploads\/2021\/02\/aerio-geobyte-1-80x80.jpg 80w, http:\/\/geobyte-networks.com\/wp-content\/uploads\/2021\/02\/aerio-geobyte-1-768x768.jpg 768w\" sizes=\"(max-width: 800px) 100vw, 800px\" \/>\t\t\t\t\t\t\t\t\t\t\t\t\t\t\t<\/div>\n\t\t\t\t<\/div>\n\t\t\t\t\t<\/div>\n\t\t<\/div>\n\t\t\t\t\t<\/div>\n\t\t<\/section>\n\t\t\t\t\t<\/div>\n\t\t<\/div>\n\t\t\t\t\t<\/div>\n\t\t<\/section>\n\t\t\t\t<section data-satenet-parallax-data=\"{&quot;parallax_ratio&quot;:&quot;5&quot;,&quot;parallax_image&quot;:&quot;http:\\\/\\\/geobyte-networks.com\\\/wp-content\\\/uploads\\\/2021\\\/02\\\/aerio-parallax.jpg&quot;}\" class=\"elementor-section elementor-top-section elementor-element elementor-element-99b8503 elementor-section-stretched elementor-section-boxed elementor-section-height-default elementor-section-height-default\" data-id=\"99b8503\" data-element_type=\"section\" data-settings=\"{&quot;stretch_section&quot;:&quot;section-stretched&quot;,&quot;background_background&quot;:&quot;classic&quot;}\">\n\t\t\t\t\t\t\t<div class=\"elementor-background-overlay\"><\/div>\n\t\t\t\t\t\t\t<div class=\"elementor-container elementor-column-gap-default\">\n\t\t\t\t\t<div class=\"elementor-column elementor-col-100 elementor-top-column elementor-element elementor-element-76b4e52\" data-id=\"76b4e52\" data-element_type=\"column\">\n\t\t\t<div class=\"elementor-widget-wrap\">\n\t\t\t\t\t\t\t<\/div>\n\t\t<\/div>\n\t\t\t\t\t<\/div>\n\t\t<\/section>\n\t\t\t\t<section class=\"elementor-section elementor-top-section elementor-element elementor-element-336f5bf elementor-section-content-middle elementor-section-boxed elementor-section-height-default elementor-section-height-default\" data-id=\"336f5bf\" data-element_type=\"section\">\n\t\t\t\t\t\t<div class=\"elementor-container elementor-column-gap-wide\">\n\t\t\t\t\t<div class=\"elementor-column elementor-col-50 elementor-top-column elementor-element elementor-element-0472c8c\" data-id=\"0472c8c\" data-element_type=\"column\">\n\t\t\t<div class=\"elementor-widget-wrap elementor-element-populated\">\n\t\t\t\t\t\t<div class=\"elementor-element elementor-element-a76f88a elementor-widget elementor-widget-image\" data-id=\"a76f88a\" data-element_type=\"widget\" data-widget_type=\"image.default\">\n\t\t\t\t<div class=\"elementor-widget-container\">\n\t\t\t\t\t\t\t\t\t\t\t\t\t\t\t<img decoding=\"async\" width=\"620\" height=\"800\" src=\"http:\/\/geobyte-networks.com\/wp-content\/uploads\/2021\/02\/aerio-2-narrow.jpg\" class=\"attachment-full size-full wp-image-11433\" alt=\"\" \/>\t\t\t\t\t\t\t\t\t\t\t\t\t\t\t<\/div>\n\t\t\t\t<\/div>\n\t\t\t\t\t<\/div>\n\t\t<\/div>\n\t\t\t\t<div class=\"elementor-column elementor-col-50 elementor-top-column elementor-element elementor-element-6ec7c84\" data-id=\"6ec7c84\" data-element_type=\"column\">\n\t\t\t<div class=\"elementor-widget-wrap elementor-element-populated\">\n\t\t\t\t\t\t<div class=\"elementor-element elementor-element-1ae8207 elementor-widget elementor-widget-satenetsectiontitle\" data-id=\"1ae8207\" data-element_type=\"widget\" data-widget_type=\"satenetsectiontitle.default\">\n\t\t\t\t<div class=\"elementor-widget-container\">\n\t\t\t\t\t<div class=\"section-title-wrapper\"><div class=\"title-wrap\"><h2 class=\"section-title\">Konstruktionen mit speziellen Anforderungen<\/h2><span class=\"sub-title\">Top im Tiefbau<\/span><\/div><!-- .title-wrap --><div class=\"section-description\"><p>Der erdverlegte Rohrleitungsbau gewinnt immer mehr an Bedeutung, da die Energieversorgung einen unverzichtbaren Grundpfeiler der modernen Industriegesellschaft ausmacht. Jedoch entstehen durch die immer kleiner werdenden Bauzeitfenster in Verbindung mit den schwierigen Baugrundverh\u00e4ltnissen extrem hohe Anforderungen.\n<\/p> \n<p>Wir bei Geobyte Networks sind ge\u00fcbt in anspruchsvollen Projekten und begegnen diesen jedes Mal mit ausnehmendem Erfolg. Wir kennen uns mit den Besonderheiten von speziellen Konstruktionen aus und behalten diese kontinuierlich im Blick \u2013 vom Stadium der Beratung, der Planung und der Trassierung der Rohrleitungen an, bis hin zur letztendlichen Umsetzung.<\/p>\n<p>Unsere hochmoderne Ausr\u00fcstung in den H\u00e4nden unserer erfahrenen Mitarbeiter garantiert daf\u00fcr, dass wir auch im unterirdischen Leitungsbau der zuverl\u00e4ssigste Partner sind. <\/p><\/div><!-- .section-description --><\/div><!-- .section-title-wrapper -->\t\t\t\t<\/div>\n\t\t\t\t<\/div>\n\t\t\t\t\t<\/div>\n\t\t<\/div>\n\t\t\t\t\t<\/div>\n\t\t<\/section>\n\t\t\t\t<\/div>\n\t\t","protected":false},"excerpt":{"rendered":"<p>Erdgas Von Natur aus \u00fcberlegen Es ist allgemein bekannt, dass die Nutzung von Erdgas in allen Verbrauchsbereichen, sowohl in Haushalten als auch im Gewerbe und der Industrie, mit vielen Vorteilen einhergeht. Die extensive Nutzung von Erdgas, das auf lange Sicht eine der besten Investitionen auf dem Energiesektor ausmacht, ist eine \u00e4u\u00dferst vorteilhafte Alternative, die Geld<\/p>\n","protected":false},"author":1,"featured_media":0,"parent":0,"menu_order":0,"comment_status":"closed","ping_status":"closed","template":"","meta":{"footnotes":""},"class_list":["post-10890","page","type-page","status-publish","hentry"],"yoast_head":"<!-- This site is optimized with the Yoast SEO plugin v25.8 - https:\/\/yoast.com\/wordpress\/plugins\/seo\/ -->\n<title>Erdgas - GeoByte Networks - \u039f\u03c0\u03c4\u03b9\u03ba\u03ad\u03c2 \u038a\u03bd\u03b5\u03c2 - \u03a6\u03c5\u03c3\u03b9\u03ba\u03cc \u03b1\u03ad\u03c1\u03b9\u03bf<\/title>\n<meta name=\"robots\" content=\"index, follow, max-snippet:-1, max-image-preview:large, max-video-preview:-1\" \/>\n<link rel=\"canonical\" href=\"https:\/\/geobyte-networks.com\/de\/erdgas\/\" \/>\n<meta property=\"og:locale\" content=\"de_DE\" \/>\n<meta property=\"og:type\" content=\"article\" \/>\n<meta property=\"og:title\" content=\"Erdgas - GeoByte Networks - \u039f\u03c0\u03c4\u03b9\u03ba\u03ad\u03c2 \u038a\u03bd\u03b5\u03c2 - \u03a6\u03c5\u03c3\u03b9\u03ba\u03cc \u03b1\u03ad\u03c1\u03b9\u03bf\" \/>\n<meta property=\"og:description\" content=\"Erdgas Von Natur aus \u00fcberlegen Es ist allgemein bekannt, dass die Nutzung von Erdgas in allen Verbrauchsbereichen, sowohl in Haushalten als auch im Gewerbe und der Industrie, mit vielen Vorteilen einhergeht. Die extensive Nutzung von Erdgas, das auf lange Sicht eine der besten Investitionen auf dem Energiesektor ausmacht, ist eine \u00e4u\u00dferst vorteilhafte Alternative, die Geld\" \/>\n<meta property=\"og:url\" content=\"https:\/\/geobyte-networks.com\/de\/erdgas\/\" \/>\n<meta property=\"og:site_name\" content=\"GeoByte Networks - \u039f\u03c0\u03c4\u03b9\u03ba\u03ad\u03c2 \u038a\u03bd\u03b5\u03c2 - \u03a6\u03c5\u03c3\u03b9\u03ba\u03cc \u03b1\u03ad\u03c1\u03b9\u03bf\" \/>\n<meta property=\"article:publisher\" content=\"https:\/\/www.facebook.com\/geobytenetworks\" \/>\n<meta property=\"article:modified_time\" content=\"2025-03-10T23:07:41+00:00\" \/>\n<meta property=\"og:image\" content=\"http:\/\/geobyte-networks.com\/wp-content\/uploads\/2021\/02\/aerio-geobyte-1.jpg\" \/>\n<meta name=\"twitter:card\" content=\"summary_large_image\" \/>\n<meta name=\"twitter:label1\" content=\"Gesch\u00e4tzte Lesezeit\" \/>\n\t<meta name=\"twitter:data1\" content=\"2\u00a0Minuten\" \/>\n<script type=\"application\/ld+json\" class=\"yoast-schema-graph\">{\"@context\":\"https:\/\/schema.org\",\"@graph\":[{\"@type\":\"WebPage\",\"@id\":\"https:\/\/geobyte-networks.com\/de\/erdgas\/\",\"url\":\"https:\/\/geobyte-networks.com\/de\/erdgas\/\",\"name\":\"Erdgas - GeoByte Networks - \u039f\u03c0\u03c4\u03b9\u03ba\u03ad\u03c2 \u038a\u03bd\u03b5\u03c2 - \u03a6\u03c5\u03c3\u03b9\u03ba\u03cc \u03b1\u03ad\u03c1\u03b9\u03bf\",\"isPartOf\":{\"@id\":\"http:\/\/geobyte-networks.com\/en\/#website\"},\"primaryImageOfPage\":{\"@id\":\"https:\/\/geobyte-networks.com\/de\/erdgas\/#primaryimage\"},\"image\":{\"@id\":\"https:\/\/geobyte-networks.com\/de\/erdgas\/#primaryimage\"},\"thumbnailUrl\":\"http:\/\/geobyte-networks.com\/wp-content\/uploads\/2021\/02\/aerio-geobyte-1.jpg\",\"datePublished\":\"2021-01-28T11:27:45+00:00\",\"dateModified\":\"2025-03-10T23:07:41+00:00\",\"breadcrumb\":{\"@id\":\"https:\/\/geobyte-networks.com\/de\/erdgas\/#breadcrumb\"},\"inLanguage\":\"de\",\"potentialAction\":[{\"@type\":\"ReadAction\",\"target\":[\"https:\/\/geobyte-networks.com\/de\/erdgas\/\"]}]},{\"@type\":\"ImageObject\",\"inLanguage\":\"de\",\"@id\":\"https:\/\/geobyte-networks.com\/de\/erdgas\/#primaryimage\",\"url\":\"http:\/\/geobyte-networks.com\/wp-content\/uploads\/2021\/02\/aerio-geobyte-1.jpg\",\"contentUrl\":\"http:\/\/geobyte-networks.com\/wp-content\/uploads\/2021\/02\/aerio-geobyte-1.jpg\"},{\"@type\":\"BreadcrumbList\",\"@id\":\"https:\/\/geobyte-networks.com\/de\/erdgas\/#breadcrumb\",\"itemListElement\":[{\"@type\":\"ListItem\",\"position\":1,\"name\":\"\u0391\u03c1\u03c7\u03b9\u03ba\u03ae\",\"item\":\"https:\/\/geobyte-networks.com\/de\/\"},{\"@type\":\"ListItem\",\"position\":2,\"name\":\"Erdgas\"}]},{\"@type\":\"WebSite\",\"@id\":\"http:\/\/geobyte-networks.com\/en\/#website\",\"url\":\"http:\/\/geobyte-networks.com\/en\/\",\"name\":\"GeoByte Networks - \u039f\u03c0\u03c4\u03b9\u03ba\u03ad\u03c2 \u038a\u03bd\u03b5\u03c2 - \u03a6\u03c5\u03c3\u03b9\u03ba\u03cc \u03b1\u03ad\u03c1\u03b9\u03bf\",\"description\":\"\",\"potentialAction\":[{\"@type\":\"SearchAction\",\"target\":{\"@type\":\"EntryPoint\",\"urlTemplate\":\"http:\/\/geobyte-networks.com\/en\/?s={search_term_string}\"},\"query-input\":{\"@type\":\"PropertyValueSpecification\",\"valueRequired\":true,\"valueName\":\"search_term_string\"}}],\"inLanguage\":\"de\"}]}<\/script>\n<!-- \/ Yoast SEO plugin. -->","yoast_head_json":{"title":"Erdgas - GeoByte Networks - \u039f\u03c0\u03c4\u03b9\u03ba\u03ad\u03c2 \u038a\u03bd\u03b5\u03c2 - \u03a6\u03c5\u03c3\u03b9\u03ba\u03cc \u03b1\u03ad\u03c1\u03b9\u03bf","robots":{"index":"index","follow":"follow","max-snippet":"max-snippet:-1","max-image-preview":"max-image-preview:large","max-video-preview":"max-video-preview:-1"},"canonical":"https:\/\/geobyte-networks.com\/de\/erdgas\/","og_locale":"de_DE","og_type":"article","og_title":"Erdgas - GeoByte Networks - \u039f\u03c0\u03c4\u03b9\u03ba\u03ad\u03c2 \u038a\u03bd\u03b5\u03c2 - \u03a6\u03c5\u03c3\u03b9\u03ba\u03cc \u03b1\u03ad\u03c1\u03b9\u03bf","og_description":"Erdgas Von Natur aus \u00fcberlegen Es ist allgemein bekannt, dass die Nutzung von Erdgas in allen Verbrauchsbereichen, sowohl in Haushalten als auch im Gewerbe und der Industrie, mit vielen Vorteilen einhergeht. Die extensive Nutzung von Erdgas, das auf lange Sicht eine der besten Investitionen auf dem Energiesektor ausmacht, ist eine \u00e4u\u00dferst vorteilhafte Alternative, die Geld","og_url":"https:\/\/geobyte-networks.com\/de\/erdgas\/","og_site_name":"GeoByte Networks - \u039f\u03c0\u03c4\u03b9\u03ba\u03ad\u03c2 \u038a\u03bd\u03b5\u03c2 - \u03a6\u03c5\u03c3\u03b9\u03ba\u03cc \u03b1\u03ad\u03c1\u03b9\u03bf","article_publisher":"https:\/\/www.facebook.com\/geobytenetworks","article_modified_time":"2025-03-10T23:07:41+00:00","og_image":[{"url":"http:\/\/geobyte-networks.com\/wp-content\/uploads\/2021\/02\/aerio-geobyte-1.jpg","type":"","width":"","height":""}],"twitter_card":"summary_large_image","twitter_misc":{"Gesch\u00e4tzte Lesezeit":"2\u00a0Minuten"},"schema":{"@context":"https:\/\/schema.org","@graph":[{"@type":"WebPage","@id":"https:\/\/geobyte-networks.com\/de\/erdgas\/","url":"https:\/\/geobyte-networks.com\/de\/erdgas\/","name":"Erdgas - GeoByte Networks - \u039f\u03c0\u03c4\u03b9\u03ba\u03ad\u03c2 \u038a\u03bd\u03b5\u03c2 - \u03a6\u03c5\u03c3\u03b9\u03ba\u03cc \u03b1\u03ad\u03c1\u03b9\u03bf","isPartOf":{"@id":"http:\/\/geobyte-networks.com\/en\/#website"},"primaryImageOfPage":{"@id":"https:\/\/geobyte-networks.com\/de\/erdgas\/#primaryimage"},"image":{"@id":"https:\/\/geobyte-networks.com\/de\/erdgas\/#primaryimage"},"thumbnailUrl":"http:\/\/geobyte-networks.com\/wp-content\/uploads\/2021\/02\/aerio-geobyte-1.jpg","datePublished":"2021-01-28T11:27:45+00:00","dateModified":"2025-03-10T23:07:41+00:00","breadcrumb":{"@id":"https:\/\/geobyte-networks.com\/de\/erdgas\/#breadcrumb"},"inLanguage":"de","potentialAction":[{"@type":"ReadAction","target":["https:\/\/geobyte-networks.com\/de\/erdgas\/"]}]},{"@type":"ImageObject","inLanguage":"de","@id":"https:\/\/geobyte-networks.com\/de\/erdgas\/#primaryimage","url":"http:\/\/geobyte-networks.com\/wp-content\/uploads\/2021\/02\/aerio-geobyte-1.jpg","contentUrl":"http:\/\/geobyte-networks.com\/wp-content\/uploads\/2021\/02\/aerio-geobyte-1.jpg"},{"@type":"BreadcrumbList","@id":"https:\/\/geobyte-networks.com\/de\/erdgas\/#breadcrumb","itemListElement":[{"@type":"ListItem","position":1,"name":"\u0391\u03c1\u03c7\u03b9\u03ba\u03ae","item":"https:\/\/geobyte-networks.com\/de\/"},{"@type":"ListItem","position":2,"name":"Erdgas"}]},{"@type":"WebSite","@id":"http:\/\/geobyte-networks.com\/en\/#website","url":"http:\/\/geobyte-networks.com\/en\/","name":"GeoByte Networks - \u039f\u03c0\u03c4\u03b9\u03ba\u03ad\u03c2 \u038a\u03bd\u03b5\u03c2 - \u03a6\u03c5\u03c3\u03b9\u03ba\u03cc \u03b1\u03ad\u03c1\u03b9\u03bf","description":"","potentialAction":[{"@type":"SearchAction","target":{"@type":"EntryPoint","urlTemplate":"http:\/\/geobyte-networks.com\/en\/?s={search_term_string}"},"query-input":{"@type":"PropertyValueSpecification","valueRequired":true,"valueName":"search_term_string"}}],"inLanguage":"de"}]}},"_links":{"self":[{"href":"https:\/\/geobyte-networks.com\/de\/wp-json\/wp\/v2\/pages\/10890","targetHints":{"allow":["GET"]}}],"collection":[{"href":"https:\/\/geobyte-networks.com\/de\/wp-json\/wp\/v2\/pages"}],"about":[{"href":"https:\/\/geobyte-networks.com\/de\/wp-json\/wp\/v2\/types\/page"}],"author":[{"embeddable":true,"href":"https:\/\/geobyte-networks.com\/de\/wp-json\/wp\/v2\/users\/1"}],"replies":[{"embeddable":true,"href":"https:\/\/geobyte-networks.com\/de\/wp-json\/wp\/v2\/comments?post=10890"}],"version-history":[{"count":3,"href":"https:\/\/geobyte-networks.com\/de\/wp-json\/wp\/v2\/pages\/10890\/revisions"}],"predecessor-version":[{"id":12304,"href":"https:\/\/geobyte-networks.com\/de\/wp-json\/wp\/v2\/pages\/10890\/revisions\/12304"}],"wp:attachment":[{"href":"https:\/\/geobyte-networks.com\/de\/wp-json\/wp\/v2\/media?parent=10890"}],"curies":[{"name":"wp","href":"https:\/\/api.w.org\/{rel}","templated":true}]}}