{"id":12060,"date":"2023-04-27T13:32:22","date_gmt":"2023-04-27T10:32:22","guid":{"rendered":"http:\/\/geobyte-networks.com\/?page_id=12060"},"modified":"2023-04-27T13:36:37","modified_gmt":"2023-04-27T10:36:37","slug":"iso-zertifikat","status":"publish","type":"page","link":"http:\/\/geobyte-networks.com\/de\/iso-zertifikat\/","title":{"rendered":"ISO Zertifikat"},"content":{"rendered":"\t\t<div data-elementor-type=\"wp-page\" data-elementor-id=\"12060\" class=\"elementor elementor-12060 elementor-11948\">\n\t\t\t\t\t\t<section class=\"elementor-section elementor-top-section elementor-element elementor-element-62ab5b3 elementor-section-boxed elementor-section-height-default elementor-section-height-default\" data-id=\"62ab5b3\" data-element_type=\"section\">\n\t\t\t\t\t\t<div class=\"elementor-container elementor-column-gap-default\">\n\t\t\t\t\t<div class=\"elementor-column elementor-col-100 elementor-top-column elementor-element elementor-element-9e67a3a\" data-id=\"9e67a3a\" data-element_type=\"column\">\n\t\t\t<div class=\"elementor-widget-wrap elementor-element-populated\">\n\t\t\t\t\t\t<section class=\"elementor-section elementor-inner-section elementor-element elementor-element-cf61ce6 elementor-section-boxed elementor-section-height-default elementor-section-height-default\" data-id=\"cf61ce6\" data-element_type=\"section\">\n\t\t\t\t\t\t<div class=\"elementor-container elementor-column-gap-default\">\n\t\t\t\t\t<div class=\"elementor-column elementor-col-50 elementor-inner-column elementor-element elementor-element-e7f0281\" data-id=\"e7f0281\" data-element_type=\"column\">\n\t\t\t<div class=\"elementor-widget-wrap elementor-element-populated\">\n\t\t\t\t\t\t<div class=\"elementor-element elementor-element-da5ad7f elementor-widget elementor-widget-satenetsectiontitle\" data-id=\"da5ad7f\" data-element_type=\"widget\" data-widget_type=\"satenetsectiontitle.default\">\n\t\t\t\t<div class=\"elementor-widget-container\">\n\t\t\t\t\t<div class=\"section-title-wrapper sep-none\"><div class=\"title-wrap\"><h2 class=\"section-title\">Qualit\u00e4tsmanagementsystem<\/h2><span class=\"sub-title\">ISO 9001:2015<\/span><\/div><!-- .title-wrap --><div class=\"section-description\"><p>Wir freuen uns, bekanntgeben zu k\u00f6nnen, dass das Zertifizierungsverfahren der  Geobyte Networks Ein-Personen-IKE gem\u00e4\u00df der internationalen Norm ISO 9001:2015 durch die akkreditierte Inspektions- und Zertifizierungsstelle T\u00dcV AUSTRIA HELLAS f\u00fcr den folgenden Anwendungsbereich erfolgreich abgeschlossen wurde:<\/p> \n<\/br><h6>PLANUNG VON GLASFASERNETZEN & HERSTELLUNG VON GLASFASER -INSTALLATIONSPROJEKTEN<\/h6>\n\n<p>Unsere Gesellschaft investiert \u00fcber die Zertifizierung gem\u00e4\u00df der international anerkannten Norm \u00abQualit\u00e4tsmanagementsystem ISO 9001\u00bb in die fortgesetzte Schulung, Informierung und Ausbildung ihres Personals, damit sie Qualit\u00e4t und kontinuierliche Verbesserung f\u00f6rdern und Dienstleistungen von hoher Qualit\u00e4t mit Respekt und Vertraulichkeit anbieten kann.    \nUnser Ziel sind das steigende Vertrauen und die optimale Bedienung der Bed\u00fcrfnisse unserer Kunden mit Konsequenz, Zuverl\u00e4ssigkeit und Verantwortungsbewusstsein.\nWir danken herzlich all unseren Kollegen, die an den Zertifizierungsverfahren teilgenommen haben.<\/p><\/div><!-- .section-description --><\/div><!-- .section-title-wrapper -->\t\t\t\t<\/div>\n\t\t\t\t<\/div>\n\t\t\t\t\t<\/div>\n\t\t<\/div>\n\t\t\t\t<div class=\"elementor-column elementor-col-50 elementor-inner-column elementor-element elementor-element-c466780\" data-id=\"c466780\" data-element_type=\"column\">\n\t\t\t<div class=\"elementor-widget-wrap elementor-element-populated\">\n\t\t\t\t\t\t<div class=\"elementor-element elementor-element-8b8aea0 elementor-widget elementor-widget-image\" data-id=\"8b8aea0\" data-element_type=\"widget\" data-widget_type=\"image.default\">\n\t\t\t\t<div class=\"elementor-widget-container\">\n\t\t\t\t\t\t\t\t\t\t\t\t\t\t\t\t<a href=\"http:\/\/geobyte-networks.com\/wp-content\/uploads\/2023\/04\/CERT_GEOBYTE-NETWORKS_9001_2023_GR_DIGITAL.pdf\">\n\t\t\t\t\t\t\t<img fetchpriority=\"high\" decoding=\"async\" width=\"842\" height=\"1191\" src=\"http:\/\/geobyte-networks.com\/wp-content\/uploads\/2023\/04\/CERT_GEOBYTE-NETWORKS_9001_2023_DE_DIGITAL.jpg\" class=\"attachment-full size-full wp-image-12051\" alt=\"\" srcset=\"http:\/\/geobyte-networks.com\/wp-content\/uploads\/2023\/04\/CERT_GEOBYTE-NETWORKS_9001_2023_DE_DIGITAL.jpg 842w, http:\/\/geobyte-networks.com\/wp-content\/uploads\/2023\/04\/CERT_GEOBYTE-NETWORKS_9001_2023_DE_DIGITAL-768x1086.jpg 768w\" sizes=\"(max-width: 842px) 100vw, 842px\" \/>\t\t\t\t\t\t\t\t<\/a>\n\t\t\t\t\t\t\t\t\t\t\t\t\t\t\t<\/div>\n\t\t\t\t<\/div>\n\t\t\t\t\t<\/div>\n\t\t<\/div>\n\t\t\t\t\t<\/div>\n\t\t<\/section>\n\t\t\t\t\t<\/div>\n\t\t<\/div>\n\t\t\t\t\t<\/div>\n\t\t<\/section>\n\t\t\t\t<\/div>\n\t\t","protected":false},"excerpt":{"rendered":"<p>Qualit\u00e4tsmanagementsystem ISO 9001:2015 Wir freuen uns, bekanntgeben zu k\u00f6nnen, dass das Zertifizierungsverfahren der Geobyte Networks Ein-Personen-IKE gem\u00e4\u00df der internationalen Norm ISO 9001:2015 durch die akkreditierte Inspektions- und Zertifizierungsstelle T\u00dcV AUSTRIA HELLAS f\u00fcr den folgenden Anwendungsbereich erfolgreich abgeschlossen wurde: PLANUNG VON GLASFASERNETZEN &#038; HERSTELLUNG VON GLASFASER -INSTALLATIONSPROJEKTEN Unsere Gesellschaft investiert \u00fcber die Zertifizierung gem\u00e4\u00df der international<\/p>\n","protected":false},"author":1,"featured_media":0,"parent":0,"menu_order":0,"comment_status":"closed","ping_status":"closed","template":"","meta":{"footnotes":""},"class_list":["post-12060","page","type-page","status-publish","hentry"],"yoast_head":"<!-- This site is optimized with the Yoast SEO plugin v25.8 - https:\/\/yoast.com\/wordpress\/plugins\/seo\/ -->\n<title>ISO Zertifikat - GeoByte Networks - \u039f\u03c0\u03c4\u03b9\u03ba\u03ad\u03c2 \u038a\u03bd\u03b5\u03c2 - \u03a6\u03c5\u03c3\u03b9\u03ba\u03cc \u03b1\u03ad\u03c1\u03b9\u03bf<\/title>\n<meta name=\"robots\" content=\"index, follow, max-snippet:-1, max-image-preview:large, max-video-preview:-1\" \/>\n<link rel=\"canonical\" href=\"https:\/\/geobyte-networks.com\/de\/iso-zertifikat\/\" \/>\n<meta property=\"og:locale\" content=\"de_DE\" \/>\n<meta property=\"og:type\" content=\"article\" \/>\n<meta property=\"og:title\" content=\"ISO Zertifikat - GeoByte Networks - \u039f\u03c0\u03c4\u03b9\u03ba\u03ad\u03c2 \u038a\u03bd\u03b5\u03c2 - \u03a6\u03c5\u03c3\u03b9\u03ba\u03cc \u03b1\u03ad\u03c1\u03b9\u03bf\" \/>\n<meta property=\"og:description\" content=\"Qualit\u00e4tsmanagementsystem ISO 9001:2015 Wir freuen uns, bekanntgeben zu k\u00f6nnen, dass das Zertifizierungsverfahren der Geobyte Networks Ein-Personen-IKE gem\u00e4\u00df der internationalen Norm ISO 9001:2015 durch die akkreditierte Inspektions- und Zertifizierungsstelle T\u00dcV AUSTRIA HELLAS f\u00fcr den folgenden Anwendungsbereich erfolgreich abgeschlossen wurde: PLANUNG VON GLASFASERNETZEN &#038; HERSTELLUNG VON GLASFASER -INSTALLATIONSPROJEKTEN Unsere Gesellschaft investiert \u00fcber die Zertifizierung gem\u00e4\u00df der international\" \/>\n<meta property=\"og:url\" content=\"https:\/\/geobyte-networks.com\/de\/iso-zertifikat\/\" \/>\n<meta property=\"og:site_name\" content=\"GeoByte Networks - \u039f\u03c0\u03c4\u03b9\u03ba\u03ad\u03c2 \u038a\u03bd\u03b5\u03c2 - \u03a6\u03c5\u03c3\u03b9\u03ba\u03cc \u03b1\u03ad\u03c1\u03b9\u03bf\" \/>\n<meta property=\"article:publisher\" content=\"https:\/\/www.facebook.com\/geobytenetworks\" \/>\n<meta property=\"article:modified_time\" content=\"2023-04-27T10:36:37+00:00\" \/>\n<meta property=\"og:image\" content=\"http:\/\/geobyte-networks.com\/wp-content\/uploads\/2023\/04\/CERT_GEOBYTE-NETWORKS_9001_2023_DE_DIGITAL.jpg\" \/>\n<meta name=\"twitter:card\" content=\"summary_large_image\" \/>\n<meta name=\"twitter:label1\" content=\"Gesch\u00e4tzte Lesezeit\" \/>\n\t<meta name=\"twitter:data1\" content=\"1\u00a0Minute\" \/>\n<script type=\"application\/ld+json\" class=\"yoast-schema-graph\">{\"@context\":\"https:\/\/schema.org\",\"@graph\":[{\"@type\":\"WebPage\",\"@id\":\"https:\/\/geobyte-networks.com\/de\/iso-zertifikat\/\",\"url\":\"https:\/\/geobyte-networks.com\/de\/iso-zertifikat\/\",\"name\":\"ISO Zertifikat - GeoByte Networks - \u039f\u03c0\u03c4\u03b9\u03ba\u03ad\u03c2 \u038a\u03bd\u03b5\u03c2 - \u03a6\u03c5\u03c3\u03b9\u03ba\u03cc \u03b1\u03ad\u03c1\u03b9\u03bf\",\"isPartOf\":{\"@id\":\"https:\/\/geobyte-networks.com\/#website\"},\"primaryImageOfPage\":{\"@id\":\"https:\/\/geobyte-networks.com\/de\/iso-zertifikat\/#primaryimage\"},\"image\":{\"@id\":\"https:\/\/geobyte-networks.com\/de\/iso-zertifikat\/#primaryimage\"},\"thumbnailUrl\":\"http:\/\/geobyte-networks.com\/wp-content\/uploads\/2023\/04\/CERT_GEOBYTE-NETWORKS_9001_2023_DE_DIGITAL.jpg\",\"datePublished\":\"2023-04-27T10:32:22+00:00\",\"dateModified\":\"2023-04-27T10:36:37+00:00\",\"breadcrumb\":{\"@id\":\"https:\/\/geobyte-networks.com\/de\/iso-zertifikat\/#breadcrumb\"},\"inLanguage\":\"de\",\"potentialAction\":[{\"@type\":\"ReadAction\",\"target\":[\"https:\/\/geobyte-networks.com\/de\/iso-zertifikat\/\"]}]},{\"@type\":\"ImageObject\",\"inLanguage\":\"de\",\"@id\":\"https:\/\/geobyte-networks.com\/de\/iso-zertifikat\/#primaryimage\",\"url\":\"http:\/\/geobyte-networks.com\/wp-content\/uploads\/2023\/04\/CERT_GEOBYTE-NETWORKS_9001_2023_DE_DIGITAL.jpg\",\"contentUrl\":\"http:\/\/geobyte-networks.com\/wp-content\/uploads\/2023\/04\/CERT_GEOBYTE-NETWORKS_9001_2023_DE_DIGITAL.jpg\"},{\"@type\":\"BreadcrumbList\",\"@id\":\"https:\/\/geobyte-networks.com\/de\/iso-zertifikat\/#breadcrumb\",\"itemListElement\":[{\"@type\":\"ListItem\",\"position\":1,\"name\":\"\u0391\u03c1\u03c7\u03b9\u03ba\u03ae\",\"item\":\"http:\/\/geobyte-networks.com\/de\/\"},{\"@type\":\"ListItem\",\"position\":2,\"name\":\"ISO Zertifikat\"}]},{\"@type\":\"WebSite\",\"@id\":\"https:\/\/geobyte-networks.com\/#website\",\"url\":\"https:\/\/geobyte-networks.com\/\",\"name\":\"GeoByte Networks - \u039f\u03c0\u03c4\u03b9\u03ba\u03ad\u03c2 \u038a\u03bd\u03b5\u03c2 - \u03a6\u03c5\u03c3\u03b9\u03ba\u03cc \u03b1\u03ad\u03c1\u03b9\u03bf\",\"description\":\"\",\"potentialAction\":[{\"@type\":\"SearchAction\",\"target\":{\"@type\":\"EntryPoint\",\"urlTemplate\":\"https:\/\/geobyte-networks.com\/?s={search_term_string}\"},\"query-input\":{\"@type\":\"PropertyValueSpecification\",\"valueRequired\":true,\"valueName\":\"search_term_string\"}}],\"inLanguage\":\"de\"}]}<\/script>\n<!-- \/ Yoast SEO plugin. -->","yoast_head_json":{"title":"ISO Zertifikat - GeoByte Networks - \u039f\u03c0\u03c4\u03b9\u03ba\u03ad\u03c2 \u038a\u03bd\u03b5\u03c2 - \u03a6\u03c5\u03c3\u03b9\u03ba\u03cc \u03b1\u03ad\u03c1\u03b9\u03bf","robots":{"index":"index","follow":"follow","max-snippet":"max-snippet:-1","max-image-preview":"max-image-preview:large","max-video-preview":"max-video-preview:-1"},"canonical":"https:\/\/geobyte-networks.com\/de\/iso-zertifikat\/","og_locale":"de_DE","og_type":"article","og_title":"ISO Zertifikat - GeoByte Networks - \u039f\u03c0\u03c4\u03b9\u03ba\u03ad\u03c2 \u038a\u03bd\u03b5\u03c2 - \u03a6\u03c5\u03c3\u03b9\u03ba\u03cc \u03b1\u03ad\u03c1\u03b9\u03bf","og_description":"Qualit\u00e4tsmanagementsystem ISO 9001:2015 Wir freuen uns, bekanntgeben zu k\u00f6nnen, dass das Zertifizierungsverfahren der Geobyte Networks Ein-Personen-IKE gem\u00e4\u00df der internationalen Norm ISO 9001:2015 durch die akkreditierte Inspektions- und Zertifizierungsstelle T\u00dcV AUSTRIA HELLAS f\u00fcr den folgenden Anwendungsbereich erfolgreich abgeschlossen wurde: PLANUNG VON GLASFASERNETZEN &#038; HERSTELLUNG VON GLASFASER -INSTALLATIONSPROJEKTEN Unsere Gesellschaft investiert \u00fcber die Zertifizierung gem\u00e4\u00df der international","og_url":"https:\/\/geobyte-networks.com\/de\/iso-zertifikat\/","og_site_name":"GeoByte Networks - \u039f\u03c0\u03c4\u03b9\u03ba\u03ad\u03c2 \u038a\u03bd\u03b5\u03c2 - \u03a6\u03c5\u03c3\u03b9\u03ba\u03cc \u03b1\u03ad\u03c1\u03b9\u03bf","article_publisher":"https:\/\/www.facebook.com\/geobytenetworks","article_modified_time":"2023-04-27T10:36:37+00:00","og_image":[{"url":"http:\/\/geobyte-networks.com\/wp-content\/uploads\/2023\/04\/CERT_GEOBYTE-NETWORKS_9001_2023_DE_DIGITAL.jpg","type":"","width":"","height":""}],"twitter_card":"summary_large_image","twitter_misc":{"Gesch\u00e4tzte Lesezeit":"1\u00a0Minute"},"schema":{"@context":"https:\/\/schema.org","@graph":[{"@type":"WebPage","@id":"https:\/\/geobyte-networks.com\/de\/iso-zertifikat\/","url":"https:\/\/geobyte-networks.com\/de\/iso-zertifikat\/","name":"ISO Zertifikat - GeoByte Networks - \u039f\u03c0\u03c4\u03b9\u03ba\u03ad\u03c2 \u038a\u03bd\u03b5\u03c2 - \u03a6\u03c5\u03c3\u03b9\u03ba\u03cc \u03b1\u03ad\u03c1\u03b9\u03bf","isPartOf":{"@id":"https:\/\/geobyte-networks.com\/#website"},"primaryImageOfPage":{"@id":"https:\/\/geobyte-networks.com\/de\/iso-zertifikat\/#primaryimage"},"image":{"@id":"https:\/\/geobyte-networks.com\/de\/iso-zertifikat\/#primaryimage"},"thumbnailUrl":"http:\/\/geobyte-networks.com\/wp-content\/uploads\/2023\/04\/CERT_GEOBYTE-NETWORKS_9001_2023_DE_DIGITAL.jpg","datePublished":"2023-04-27T10:32:22+00:00","dateModified":"2023-04-27T10:36:37+00:00","breadcrumb":{"@id":"https:\/\/geobyte-networks.com\/de\/iso-zertifikat\/#breadcrumb"},"inLanguage":"de","potentialAction":[{"@type":"ReadAction","target":["https:\/\/geobyte-networks.com\/de\/iso-zertifikat\/"]}]},{"@type":"ImageObject","inLanguage":"de","@id":"https:\/\/geobyte-networks.com\/de\/iso-zertifikat\/#primaryimage","url":"http:\/\/geobyte-networks.com\/wp-content\/uploads\/2023\/04\/CERT_GEOBYTE-NETWORKS_9001_2023_DE_DIGITAL.jpg","contentUrl":"http:\/\/geobyte-networks.com\/wp-content\/uploads\/2023\/04\/CERT_GEOBYTE-NETWORKS_9001_2023_DE_DIGITAL.jpg"},{"@type":"BreadcrumbList","@id":"https:\/\/geobyte-networks.com\/de\/iso-zertifikat\/#breadcrumb","itemListElement":[{"@type":"ListItem","position":1,"name":"\u0391\u03c1\u03c7\u03b9\u03ba\u03ae","item":"http:\/\/geobyte-networks.com\/de\/"},{"@type":"ListItem","position":2,"name":"ISO Zertifikat"}]},{"@type":"WebSite","@id":"https:\/\/geobyte-networks.com\/#website","url":"https:\/\/geobyte-networks.com\/","name":"GeoByte Networks - \u039f\u03c0\u03c4\u03b9\u03ba\u03ad\u03c2 \u038a\u03bd\u03b5\u03c2 - \u03a6\u03c5\u03c3\u03b9\u03ba\u03cc \u03b1\u03ad\u03c1\u03b9\u03bf","description":"","potentialAction":[{"@type":"SearchAction","target":{"@type":"EntryPoint","urlTemplate":"https:\/\/geobyte-networks.com\/?s={search_term_string}"},"query-input":{"@type":"PropertyValueSpecification","valueRequired":true,"valueName":"search_term_string"}}],"inLanguage":"de"}]}},"_links":{"self":[{"href":"http:\/\/geobyte-networks.com\/de\/wp-json\/wp\/v2\/pages\/12060","targetHints":{"allow":["GET"]}}],"collection":[{"href":"http:\/\/geobyte-networks.com\/de\/wp-json\/wp\/v2\/pages"}],"about":[{"href":"http:\/\/geobyte-networks.com\/de\/wp-json\/wp\/v2\/types\/page"}],"author":[{"embeddable":true,"href":"http:\/\/geobyte-networks.com\/de\/wp-json\/wp\/v2\/users\/1"}],"replies":[{"embeddable":true,"href":"http:\/\/geobyte-networks.com\/de\/wp-json\/wp\/v2\/comments?post=12060"}],"version-history":[{"count":5,"href":"http:\/\/geobyte-networks.com\/de\/wp-json\/wp\/v2\/pages\/12060\/revisions"}],"predecessor-version":[{"id":12065,"href":"http:\/\/geobyte-networks.com\/de\/wp-json\/wp\/v2\/pages\/12060\/revisions\/12065"}],"wp:attachment":[{"href":"http:\/\/geobyte-networks.com\/de\/wp-json\/wp\/v2\/media?parent=12060"}],"curies":[{"name":"wp","href":"https:\/\/api.w.org\/{rel}","templated":true}]}}